{"id":263,"date":"2021-03-02T13:29:50","date_gmt":"2021-03-02T13:29:50","guid":{"rendered":"http:\/\/verdeplus.org\/wp\/?page_id=263"},"modified":"2021-03-02T13:36:14","modified_gmt":"2021-03-02T13:36:14","slug":"ecomodul-2","status":"publish","type":"page","link":"http:\/\/verdeplus.org\/wp\/ecomodul\/ecomodul-2\/","title":{"rendered":"Proiect de cercetare"},"content":{"rendered":"\t\t<div data-elementor-type=\"wp-page\" data-elementor-id=\"263\" class=\"elementor elementor-263\" data-elementor-settings=\"[]\">\n\t\t\t\t\t\t<div class=\"elementor-inner\">\n\t\t\t\t\t\t\t<div class=\"elementor-section-wrap\">\n\t\t\t\t\t\t\t<section class=\"elementor-section elementor-top-section elementor-element elementor-element-5388775 elementor-section-stretched elementor-section-full_width elementor-section-height-default elementor-section-height-default\" data-id=\"5388775\" data-element_type=\"section\" data-settings=\"{&quot;stretch_section&quot;:&quot;section-stretched&quot;,&quot;background_background&quot;:&quot;classic&quot;,&quot;shape_divider_top&quot;:&quot;triangle-asymmetrical&quot;,&quot;shape_divider_bottom&quot;:&quot;triangle-asymmetrical&quot;}\">\n\t\t\t\t\t<div class=\"elementor-shape elementor-shape-top\" data-negative=\"false\">\n\t\t\t<svg xmlns=\"http:\/\/www.w3.org\/2000\/svg\" viewBox=\"0 0 1000 100\" preserveAspectRatio=\"none\">\n\t<path class=\"elementor-shape-fill\" d=\"M738,99l262-93V0H0v5.6L738,99z\"\/>\n<\/svg>\t\t<\/div>\n\t\t\t\t<div class=\"elementor-shape elementor-shape-bottom\" data-negative=\"false\">\n\t\t\t<svg xmlns=\"http:\/\/www.w3.org\/2000\/svg\" viewBox=\"0 0 1000 100\" preserveAspectRatio=\"none\">\n\t<path class=\"elementor-shape-fill\" d=\"M738,99l262-93V0H0v5.6L738,99z\"\/>\n<\/svg>\t\t<\/div>\n\t\t\t\t\t<div class=\"elementor-container elementor-column-gap-default\">\n\t\t\t\t\t\t\t<div class=\"elementor-row\">\n\t\t\t\t\t<div class=\"elementor-column elementor-col-100 elementor-top-column elementor-element elementor-element-068ac9a\" data-id=\"068ac9a\" data-element_type=\"column\">\n\t\t\t<div class=\"elementor-column-wrap elementor-element-populated\">\n\t\t\t\t\t\t\t<div class=\"elementor-widget-wrap\">\n\t\t\t\t\t\t<div class=\"elementor-element elementor-element-0f0b90d elementor-widget elementor-widget-heading\" data-id=\"0f0b90d\" data-element_type=\"widget\" data-widget_type=\"heading.default\">\n\t\t\t\t<div class=\"elementor-widget-container\">\n\t\t\t<h2 class=\"elementor-heading-title elementor-size-default\">ECOMODUL<\/h2>\t\t<\/div>\n\t\t\t\t<\/div>\n\t\t\t\t<div class=\"elementor-element elementor-element-6309ee6 elementor-widget elementor-widget-text-editor\" data-id=\"6309ee6\" data-element_type=\"widget\" data-widget_type=\"text-editor.default\">\n\t\t\t\t<div class=\"elementor-widget-container\">\n\t\t\t\t\t<div class=\"elementor-text-editor elementor-clearfix\"><p class=\"p1\"><strong>Se propune instalarea unui modul cu elemente ecologice pentru un spa\u021biu de lucru pentru angaja\u021bii FOTO VERDE PLUS la adresa sediului social cu activitate (str. C\u0103prioarelor nr. 23, Breaza, Cartier Nistore\u0219ti-Fr\u0103sinet, jud. Prahova) pentru activit\u0103\u021bi foto \u0219i video (fotografiat, filmat, editat \u0219i montat pe calculator, sesiuni de live streaming \u0219i vlogging) denumit ECOMODUL STUDIO FOTO-VIDEO-VLOG.<\/strong><\/p><ul class=\"ul1\"><li class=\"li1\"><strong>Elementele ecologice ale modulului se refer\u0103 CEL PU\u021aIN la anvelopanta acestuia (pere\u021bi exteriori \u0219i\/sau acoperi\u0219) \u0219i\/sau la structura intern\u0103 a pere\u021bilor \u2013 tip de izola\u021bie \u0219i materiale folosite,<span class=\"Apple-converted-space\">\u00a0 <\/span>pentru considerente de dezvoltare durabil\u0103.<\/strong><\/li><li class=\"li1\"><strong>Aceste elemente ecologice vor avea caracter ecosistemic \u2013 interfe\u021be de arhitectur\u0103\/anvelop\u0103 cu rol multiplu de \u00eenchidere sau izolare modul dar care \u00een acela\u0219i timp au rol similar modului \u00een care natura presteaz\u0103 servicii ecosistemice \u0219i caracter biofilic sau de sistem biologic de circularitate a resurselor, \u00een sprijinul biodiversit\u0103\u021bii \u0219i pentru oxigenarea, purificarea, filtrarea apei, aerului \u0219i solului etc., pentru punerea \u00een eviden\u021b\u0103 a poten\u021bialului anvelopei unui spa\u021biu cu destina\u021bie de birou de a compensa suprafa\u021ba de natur\u0103 ocupat\u0103 prin amprenta la sol, prin faptul c\u0103:<\/strong><br \/><ul class=\"ul2\"><li class=\"li1\"><strong>con\u021bin zone de vegeta\u021bie spontan\u0103, endemic\u0103 zonei, care asigur\u0103 un nivel crescut de oxigenare \u0219i preluare a gazelor \u0219i particulelor nocive din atmosfer\u0103 ;<\/strong><\/li><li class=\"li1\"><strong>se cresc plante medicinale pentru consum propriu, \u00een ghivece ata\u0219ate sau integrate anvelopei ;<\/strong><\/li><li class=\"li1\"><strong>se cresc plante cu flori pentru ajutarea cre\u0219terii popula\u021biei de insecte care polenizeaz\u0103 ;<\/strong><\/li><li class=\"li1\"><strong>se cultiv\u0103 experimental pentru consum propriu legume precum ro\u0219ii, castrave\u021bi, fasole, dovlecei, verde\u021buri etc. pentru a exemplifica \u0219i valorifica partea vertical\u0103 a modulului \u0219i \u00een acest scop;<\/strong><\/li><li class=\"li1\"><strong>cuiburi \u0219i unit\u0103\u021bi modulare tip c\u0103su\u021be pentru p\u0103s\u0103rile din zon\u0103 etc.<\/strong><\/li><li class=\"li1\"><strong>zon\u021bin zone de vegeta\u021bie tipic\u0103 forestal\u0103 care purific\u0103 noxele \u0219i solul, precum mu\u0219chi, licheni, ciuperci spefice locului;<\/strong><\/li><\/ul><\/li><li class=\"li1\"><strong>Pentru asigurarea de autonomie \u0219i autosuficien\u021b\u0103 din punct de vedere al consumului de energie, precum \u0219i pentru sprijinirea tranzi\u021biei c\u0103tre o economie cu emisii sc\u0103zute, modulul va func\u021biona \u00eenso\u021bit de 2 panouri fotovoltaice \u0219i instala\u021biile aferente necesare acestora, montate fie \u00een\/pe modul sau al\u0103turi, \u00een func\u021bie de solu\u021bia aleas\u0103 \u0219i de posibilit\u0103\u021bile spa\u021biului de amplasare.<\/strong><\/li><li class=\"li1\"><strong>Caracterul mobil al ecomodulului se refer\u0103 la posibilitatea mut\u0103rii acestuia pe alt amplasament cu mijloace rutiere (platform\u0103) \u2013 ceea ce limiteaz\u0103 unitatea la o l\u0103\u021bime de maxim 250cm \u2013 sau la posibilitatea demont\u0103rii \u0219i remont\u0103rii sau modulariz\u0103rii elementelor utilizate.<\/strong><\/li><li class=\"li1\"><strong>Caracterul modular \u0219i mobil trebuie s\u0103 permit\u0103 la duplicarea exemplului pe viitor, iar \u00een acest scop se va face o evaluare par\u021bial\u0103 dup\u0103 implementare \u0219i o evaluare de func\u021bionare intermediar\u0103 anual\u0103.<\/strong><\/li><li class=\"li1\"><strong>Cel pu\u021bin un segment din anvelopant\u0103 va con\u021bine elemente reciclate din de\u0219euri nepericuloase ca experiment-test-exemplu de recuperare a acestora \u00een componente de anvelope arhitecturale.<\/strong><\/li><li class=\"li1\"><strong>Cel pu\u021bin un segment din anvelopant\u0103 trebuie s\u0103 con\u021bin\u0103 materiale de \u00eenchidere locale precum lemn de frasin sau alt tip de lemn, nuiele, calcar de Prahova, alte tipuri de piatr\u0103, lut etc.<\/strong><\/li><li class=\"li1\"><strong>Proiectul poate fi completat \u00een timpul desf\u0103\u0219ur\u0103rii astfel \u00eenc\u00e2t solu\u021biile adoptate s\u0103 aib\u0103 un efect pozitiv c\u00e2t mai semnificativ asupra mediului \u00eenconjur\u0103tor.<\/strong><\/li><li class=\"li1\"><strong>Evolu\u021bia componentelor naturale ale anvelopantei va fi monitorizat\u0103 video printr-un sistem de camere de supraveghere (cel pu\u021bin 4) \u0219i va fi m\u0103surat\u0103 \u0219i evaluat\u0103, inclusiv ecosistemic, respectiv eviden\u021biat\u0103 \u0219i promovat\u0103, al\u0103turi de alte rezultate, cu materiale foto-video publicate pe website-ul proiectului de cercetare achizi\u021bionat pentru proiect, <a href=\"http:\/\/www.fotoverde.org\/\">www.fotoverde.org<\/a>.<\/strong><\/li><li class=\"li1\"><strong>\u00cen paginile urm\u0103toare sunt prezentate exemple posibile de componente de anvelopant\u0103 cu rol ecosistemic.<\/strong><\/li><\/ul><\/div>\n\t\t\t\t<\/div>\n\t\t\t\t<\/div>\n\t\t\t\t\t\t<\/div>\n\t\t\t\t\t<\/div>\n\t\t<\/div>\n\t\t\t\t\t\t\t\t<\/div>\n\t\t\t\t\t<\/div>\n\t\t<\/section>\n\t\t\t\t<section class=\"elementor-section elementor-top-section elementor-element elementor-element-5071cd5 elementor-section-boxed elementor-section-height-default elementor-section-height-default\" data-id=\"5071cd5\" data-element_type=\"section\">\n\t\t\t\t\t\t<div class=\"elementor-container elementor-column-gap-default\">\n\t\t\t\t\t\t\t<div class=\"elementor-row\">\n\t\t\t\t\t<div class=\"elementor-column elementor-col-100 elementor-top-column elementor-element elementor-element-4a13a5e\" data-id=\"4a13a5e\" data-element_type=\"column\">\n\t\t\t<div class=\"elementor-column-wrap elementor-element-populated\">\n\t\t\t\t\t\t\t<div class=\"elementor-widget-wrap\">\n\t\t\t\t\t\t<div class=\"elementor-element elementor-element-d528f99 elementor-widget elementor-widget-image\" data-id=\"d528f99\" data-element_type=\"widget\" data-widget_type=\"image.default\">\n\t\t\t\t<div class=\"elementor-widget-container\">\n\t\t\t\t\t<div class=\"elementor-image\">\n\t\t\t\t\t\t\t\t\t\t<img width=\"1024\" height=\"778\" src=\"http:\/\/verdeplus.org\/wp\/wp-content\/uploads\/2020\/03\/20-1024x778.jpg\" class=\"attachment-large size-large\" alt=\"\" loading=\"lazy\" srcset=\"http:\/\/verdeplus.org\/wp\/wp-content\/uploads\/2020\/03\/20-1024x778.jpg 1024w, http:\/\/verdeplus.org\/wp\/wp-content\/uploads\/2020\/03\/20-300x228.jpg 300w, http:\/\/verdeplus.org\/wp\/wp-content\/uploads\/2020\/03\/20-768x584.jpg 768w, http:\/\/verdeplus.org\/wp\/wp-content\/uploads\/2020\/03\/20.jpg 1536w\" sizes=\"(max-width: 1024px) 100vw, 1024px\" \/>\t\t\t\t\t\t\t\t\t\t\t<\/div>\n\t\t\t\t<\/div>\n\t\t\t\t<\/div>\n\t\t\t\t\t\t<\/div>\n\t\t\t\t\t<\/div>\n\t\t<\/div>\n\t\t\t\t\t\t\t\t<\/div>\n\t\t\t\t\t<\/div>\n\t\t<\/section>\n\t\t\t\t\t\t<\/div>\n\t\t\t\t\t\t<\/div>\n\t\t\t\t\t<\/div>\n\t\t","protected":false},"excerpt":{"rendered":"<p>ECOMODUL Se propune instalarea unui modul cu elemente ecologice pentru un spa\u021biu de lucru pentru angaja\u021bii FOTO VERDE PLUS la adresa sediului social cu activitate (str. C\u0103prioarelor nr. 23, Breaza, Cartier Nistore\u0219ti-Fr\u0103sinet, jud. Prahova) pentru activit\u0103\u021bi foto \u0219i video (fotografiat, filmat, editat \u0219i montat pe calculator, sesiuni de live streaming \u0219i vlogging) denumit ECOMODUL STUDIO [&hellip;]<\/p>\n","protected":false},"author":2,"featured_media":0,"parent":146,"menu_order":0,"comment_status":"closed","ping_status":"closed","template":"elementor_header_footer","meta":{"site-sidebar-layout":"default","site-content-layout":"default","ast-site-content-layout":"default","site-content-style":"default","site-sidebar-style":"default","ast-global-header-display":"","ast-banner-title-visibility":"","ast-main-header-display":"","ast-hfb-above-header-display":"","ast-hfb-below-header-display":"","ast-hfb-mobile-header-display":"","site-post-title":"","ast-breadcrumbs-content":"","ast-featured-img":"","footer-sml-layout":"","ast-disable-related-posts":"","theme-transparent-header-meta":"default","adv-header-id-meta":"","stick-header-meta":"","header-above-stick-meta":"","header-main-stick-meta":"","header-below-stick-meta":"","astra-migrate-meta-layouts":"default","ast-page-background-enabled":"default","ast-page-background-meta":{"desktop":{"background-color":"","background-image":"","background-repeat":"repeat","background-position":"center center","background-size":"auto","background-attachment":"scroll","background-type":"","background-media":"","overlay-type":"","overlay-color":"","overlay-opacity":"","overlay-gradient":""},"tablet":{"background-color":"","background-image":"","background-repeat":"repeat","background-position":"center center","background-size":"auto","background-attachment":"scroll","background-type":"","background-media":"","overlay-type":"","overlay-color":"","overlay-opacity":"","overlay-gradient":""},"mobile":{"background-color":"","background-image":"","background-repeat":"repeat","background-position":"center center","background-size":"auto","background-attachment":"scroll","background-type":"","background-media":"","overlay-type":"","overlay-color":"","overlay-opacity":"","overlay-gradient":""}},"ast-content-background-meta":{"desktop":{"background-color":"var(--ast-global-color-5)","background-image":"","background-repeat":"repeat","background-position":"center center","background-size":"auto","background-attachment":"scroll","background-type":"","background-media":"","overlay-type":"","overlay-color":"","overlay-opacity":"","overlay-gradient":""},"tablet":{"background-color":"var(--ast-global-color-5)","background-image":"","background-repeat":"repeat","background-position":"center center","background-size":"auto","background-attachment":"scroll","background-type":"","background-media":"","overlay-type":"","overlay-color":"","overlay-opacity":"","overlay-gradient":""},"mobile":{"background-color":"var(--ast-global-color-5)","background-image":"","background-repeat":"repeat","background-position":"center center","background-size":"auto","background-attachment":"scroll","background-type":"","background-media":"","overlay-type":"","overlay-color":"","overlay-opacity":"","overlay-gradient":""}}},"_links":{"self":[{"href":"http:\/\/verdeplus.org\/wp\/wp-json\/wp\/v2\/pages\/263"}],"collection":[{"href":"http:\/\/verdeplus.org\/wp\/wp-json\/wp\/v2\/pages"}],"about":[{"href":"http:\/\/verdeplus.org\/wp\/wp-json\/wp\/v2\/types\/page"}],"author":[{"embeddable":true,"href":"http:\/\/verdeplus.org\/wp\/wp-json\/wp\/v2\/users\/2"}],"replies":[{"embeddable":true,"href":"http:\/\/verdeplus.org\/wp\/wp-json\/wp\/v2\/comments?post=263"}],"version-history":[{"count":2,"href":"http:\/\/verdeplus.org\/wp\/wp-json\/wp\/v2\/pages\/263\/revisions"}],"predecessor-version":[{"id":266,"href":"http:\/\/verdeplus.org\/wp\/wp-json\/wp\/v2\/pages\/263\/revisions\/266"}],"up":[{"embeddable":true,"href":"http:\/\/verdeplus.org\/wp\/wp-json\/wp\/v2\/pages\/146"}],"wp:attachment":[{"href":"http:\/\/verdeplus.org\/wp\/wp-json\/wp\/v2\/media?parent=263"}],"curies":[{"name":"wp","href":"https:\/\/api.w.org\/{rel}","templated":true}]}}